{"id":34,"date":"2025-05-23T08:25:15","date_gmt":"2025-05-23T08:25:15","guid":{"rendered":"https:\/\/2025.doktagung.de\/?page_id=34"},"modified":"2025-05-23T19:41:44","modified_gmt":"2025-05-23T19:41:44","slug":"anreise","status":"publish","type":"page","link":"https:\/\/2025.doktagung.de\/?page_id=34","title":{"rendered":"Anreise"},"content":{"rendered":"\n<div class=\"wp-block-group alignfull has-global-padding is-layout-constrained wp-container-core-group-is-layout-490fa1db wp-block-group-is-layout-constrained\" style=\"padding-top:var(--wp--preset--spacing--50);padding-right:var(--wp--preset--spacing--50);padding-bottom:var(--wp--preset--spacing--50);padding-left:var(--wp--preset--spacing--50)\">\n<div class=\"wp-block-group has-global-padding is-layout-constrained wp-container-core-group-is-layout-650790e1 wp-block-group-is-layout-constrained\">\n<h1 class=\"wp-block-heading has-text-align-center has-x-large-font-size\">Die Tagung findet an der <a href=\"https:\/\/www.uni-saarland.de\/start.html\">Universit\u00e4t des Saarlandes<\/a> statt.<\/h1>\n\n\n\n<div style=\"height:20px\" aria-hidden=\"true\" class=\"wp-block-spacer\"><\/div>\n\n\n\n<p class=\"has-text-align-center\">Die Universit\u00e4t des Saarlandes ist eine Campus Universit\u00e4t, eine Anfahrt mit \u00f6ffentlichen Verkehrsmitteln oder PKW ist daher empfohlen. <\/p>\n\n\n\n<p class=\"has-text-align-left\">Zur Haltestelle: Universit\u00e4t Campus <\/p>\n\n\n\n<p><\/p>\n\n\n\n<p class=\"has-text-align-left\">                    Ab Saarbr\u00fccken Hauptbahnhof, ca. 15 Minuten: <\/p>\n\n\n\n<p class=\"has-text-align-left\">   Bus 124 nach Universit\u00e4t Busterminal <\/p>\n\n\n\n<p class=\"has-text-align-left\">   Bus 112 nach Universit\u00e4t Busterminal <\/p>\n\n\n\n<p class=\"has-text-align-left\">Bus 102 nach Dudweiler Dudoplatz <\/p>\n\n\n\n<p><\/p>\n\n\n\n<p><\/p>\n\n\n\n<p class=\"has-text-align-left\">          Ab Saarbr\u00fccken Rathaus, ca. 18 Minuten: <\/p>\n\n\n\n<p class=\"has-text-align-left\">    Bus 109 nach Universit\u00e4t Busterminal <\/p>\n\n\n\n<p class=\"has-text-align-left\">Bus 102 nach Dudweiler Dudoplatz <\/p>\n\n\n\n<p class=\"has-text-align-left\">Bus 101 nach Dudweiler Dudoplatz <\/p>\n\n\n\n<p class=\"has-text-align-left\">  Bus 111 nach Universit\u00e4t Busterminal<\/p>\n\n\n\n<p class=\"has-text-align-left\">                              Bus 150 nach Sulzbach EKZ <\/p>\n\n\n\n<p><\/p>\n\n\n\n<p class=\"has-text-align-center\">Der Veranstaltungsort <strong>(Graduate Center, Geb. C9.3)<\/strong> <\/p>\n\n\n\n<p class=\"has-text-align-center\">        ist ab Haltestelle Universit\u00e4t Campus ausgeschildert und fu\u00dfl\u00e4ufig in ca. 10 Minuten erreichbar.<\/p>\n\n\n\n<div style=\"height:20px\" aria-hidden=\"true\" class=\"wp-block-spacer\"><\/div>\n<\/div>\n\n\n\n<div class=\"wp-block-cover aligncenter is-light has-custom-content-position is-position-top-right\" style=\"padding-top:var(--wp--preset--spacing--10);padding-right:var(--wp--preset--spacing--20);padding-bottom:var(--wp--preset--spacing--10);padding-left:var(--wp--preset--spacing--20);min-height:100vh;aspect-ratio:unset;\"><img loading=\"lazy\" decoding=\"async\" width=\"1080\" height=\"900\" class=\"wp-block-cover__image-background wp-image-52 size-full\" alt=\"\" src=\"https:\/\/2025.doktagung.de\/wp-content\/uploads\/2025\/05\/lageplan-1.jpeg\" style=\"object-position:66% 100%\" data-object-fit=\"cover\" data-object-position=\"66% 100%\" srcset=\"https:\/\/2025.doktagung.de\/wp-content\/uploads\/2025\/05\/lageplan-1.jpeg 1080w, https:\/\/2025.doktagung.de\/wp-content\/uploads\/2025\/05\/lageplan-1-300x250.jpeg 300w, https:\/\/2025.doktagung.de\/wp-content\/uploads\/2025\/05\/lageplan-1-1024x853.jpeg 1024w, https:\/\/2025.doktagung.de\/wp-content\/uploads\/2025\/05\/lageplan-1-768x640.jpeg 768w\" sizes=\"auto, (max-width: 1080px) 100vw, 1080px\" \/><span aria-hidden=\"true\" class=\"wp-block-cover__background has-background-dim\" style=\"background-color:#dad6d2\"><\/span><div class=\"wp-block-cover__inner-container is-layout-flow wp-block-cover-is-layout-flow\">\n<p class=\"has-text-align-center has-large-font-size\"><\/p>\n<\/div><\/div>\n\n\n\n<div style=\"height:var(--wp--preset--spacing--30)\" aria-hidden=\"true\" class=\"wp-block-spacer\"><\/div>\n<\/div>\n","protected":false},"excerpt":{"rendered":"<p>Die Tagung findet an der Universit\u00e4t des Saarlandes statt. Die Universit\u00e4t des Saarlandes ist eine Campus Universit\u00e4t, eine Anfahrt mit \u00f6ffentlichen Verkehrsmitteln oder PKW ist daher empfohlen. Zur Haltestelle: Universit\u00e4t Campus Ab Saarbr\u00fccken Hauptbahnhof, ca. 15 Minuten: Bus 124 nach Universit\u00e4t Busterminal Bus 112 nach Universit\u00e4t Busterminal Bus 102 nach Dudweiler Dudoplatz Ab Saarbr\u00fccken Rathaus, [&hellip;]<\/p>\n","protected":false},"author":2,"featured_media":0,"parent":0,"menu_order":0,"comment_status":"closed","ping_status":"closed","template":"","meta":{"footnotes":""},"class_list":["post-34","page","type-page","status-publish","hentry"],"_links":{"self":[{"href":"https:\/\/2025.doktagung.de\/index.php?rest_route=\/wp\/v2\/pages\/34","targetHints":{"allow":["GET"]}}],"collection":[{"href":"https:\/\/2025.doktagung.de\/index.php?rest_route=\/wp\/v2\/pages"}],"about":[{"href":"https:\/\/2025.doktagung.de\/index.php?rest_route=\/wp\/v2\/types\/page"}],"author":[{"embeddable":true,"href":"https:\/\/2025.doktagung.de\/index.php?rest_route=\/wp\/v2\/users\/2"}],"replies":[{"embeddable":true,"href":"https:\/\/2025.doktagung.de\/index.php?rest_route=%2Fwp%2Fv2%2Fcomments&post=34"}],"version-history":[{"count":5,"href":"https:\/\/2025.doktagung.de\/index.php?rest_route=\/wp\/v2\/pages\/34\/revisions"}],"predecessor-version":[{"id":55,"href":"https:\/\/2025.doktagung.de\/index.php?rest_route=\/wp\/v2\/pages\/34\/revisions\/55"}],"wp:attachment":[{"href":"https:\/\/2025.doktagung.de\/index.php?rest_route=%2Fwp%2Fv2%2Fmedia&parent=34"}],"curies":[{"name":"wp","href":"https:\/\/api.w.org\/{rel}","templated":true}]}}