{"id":31,"date":"2025-05-23T08:08:37","date_gmt":"2025-05-23T08:08:37","guid":{"rendered":"https:\/\/2025.doktagung.de\/?page_id=31"},"modified":"2025-05-23T08:08:38","modified_gmt":"2025-05-23T08:08:38","slug":"anmeldung","status":"publish","type":"page","link":"https:\/\/2025.doktagung.de\/?page_id=31","title":{"rendered":"Anmeldung"},"content":{"rendered":"\n<div class=\"wp-block-group alignfull has-global-padding is-layout-constrained wp-container-core-group-is-layout-d89aad35 wp-block-group-is-layout-constrained\" style=\"margin-top:0;margin-bottom:0;padding-top:var(--wp--preset--spacing--50);padding-right:var(--wp--preset--spacing--50);padding-bottom:var(--wp--preset--spacing--50);padding-left:var(--wp--preset--spacing--50)\">\n<p>Wir freuen uns sehr, dass ihr euch f\u00fcr die Teilnahme an der 19. Doktorand*innentagung interessiert.<\/p>\n\n\n\n<p>Ab sofort ist die Anmeldung m\u00f6glich! Die Teilnahme ist kostenfrei. <\/p>\n\n\n\n<p>Ihr k\u00f6nnt euch per Mail anmelden unter:<strong> leonie.mueller@uni-saarland.de<\/strong> anmelden.<\/p>\n\n\n\n<p>Ihr bekommt per Mail eine R\u00fcckmeldung von mir mit weiteren Details. <\/p>\n<\/div>\n\n\n\n<p><\/p>\n\n\n\n<p><\/p>\n\n\n\n<p><\/p>\n","protected":false},"excerpt":{"rendered":"<p>Wir freuen uns sehr, dass ihr euch f\u00fcr die Teilnahme an der 19. Doktorand*innentagung interessiert. Ab sofort ist die Anmeldung m\u00f6glich! Die Teilnahme ist kostenfrei. Ihr k\u00f6nnt euch per Mail anmelden unter: leonie.mueller@uni-saarland.de anmelden. Ihr bekommt per Mail eine R\u00fcckmeldung von mir mit weiteren Details.<\/p>\n","protected":false},"author":2,"featured_media":0,"parent":0,"menu_order":0,"comment_status":"closed","ping_status":"closed","template":"","meta":{"footnotes":""},"class_list":["post-31","page","type-page","status-publish","hentry"],"_links":{"self":[{"href":"https:\/\/2025.doktagung.de\/index.php?rest_route=\/wp\/v2\/pages\/31","targetHints":{"allow":["GET"]}}],"collection":[{"href":"https:\/\/2025.doktagung.de\/index.php?rest_route=\/wp\/v2\/pages"}],"about":[{"href":"https:\/\/2025.doktagung.de\/index.php?rest_route=\/wp\/v2\/types\/page"}],"author":[{"embeddable":true,"href":"https:\/\/2025.doktagung.de\/index.php?rest_route=\/wp\/v2\/users\/2"}],"replies":[{"embeddable":true,"href":"https:\/\/2025.doktagung.de\/index.php?rest_route=%2Fwp%2Fv2%2Fcomments&post=31"}],"version-history":[{"count":1,"href":"https:\/\/2025.doktagung.de\/index.php?rest_route=\/wp\/v2\/pages\/31\/revisions"}],"predecessor-version":[{"id":33,"href":"https:\/\/2025.doktagung.de\/index.php?rest_route=\/wp\/v2\/pages\/31\/revisions\/33"}],"wp:attachment":[{"href":"https:\/\/2025.doktagung.de\/index.php?rest_route=%2Fwp%2Fv2%2Fmedia&parent=31"}],"curies":[{"name":"wp","href":"https:\/\/api.w.org\/{rel}","templated":true}]}}